{"id":964,"date":"2015-10-14T12:53:20","date_gmt":"2015-10-14T12:53:20","guid":{"rendered":"http:\/\/www.hostellerielamontagne.com?page_id=964"},"modified":"2026-04-11T13:59:13","modified_gmt":"2026-04-11T13:59:13","slug":"menu-a-la-table-du-general","status":"publish","type":"page","link":"https:\/\/hostellerielamontagne.com\/en\/menu-a-la-table-du-general\/","title":{"rendered":"Menu A la Table du G\u00e9n\u00e9ral"},"content":{"rendered":"<p><\/p>\n<div class=\"site-area-content-menu-main-content\">\n<div class=\"separator-content center-block\">\n<h2 class=\"page-section-subtitle menu-section-subtitle\"><img decoding=\"async\" src=\"http:\/\/hostellerielamontagne.com\/wp-content\/themes\/la-montagne\/images\/vectors\/separator-content.png\" alt=\"\" \/><\/h2>\n<\/div>\n<\/div>\n<div class=\"page-section-text center-block\">\n<h2 class=\"page-section-subtitle menu-section-subtitle\"><\/h2>\n<p>&nbsp;<\/p>\n<div class=\"page-section-text center-block\">\n<h2 class=\"page-section-subtitle menu-section-subtitle\"><\/h2>\n<p>&nbsp;<\/p>\n<p><b>R\u00e9servation au : 03.25.01.51.69 <b> <\/b><\/b><\/p>\n<\/div>\n<p>&nbsp;<\/p>\n<p>&nbsp;<\/p>\n<\/div>\n<div class=\"site-area-content-menu-main-content\">\n<div class=\"separator-content center-block\">\n<h2 class=\"page-section-subtitle menu-section-subtitle\"><img decoding=\"async\" src=\"http:\/\/hostellerielamontagne.com\/wp-content\/themes\/la-montagne\/images\/vectors\/separator-content.png\" alt=\"\" \/><\/h2>\n<\/div>\n<\/div>\n<div class=\"page-section-text center-block\">\n<h2 class=\"page-section-subtitle menu-section-subtitle\">Les formules<\/h2>\n<div class=\"menu-section-text\">Entr\u00e9e + Plat : 20.00\u20ac<\/div>\n<div class=\"menu-section-text\">Plat + Dessert : 20.00\u20ac<\/div>\n<div class=\"menu-section-text\"><\/div>\n<div class=\"menu-section-text\">\n<h2 class=\"page-section-subtitle menu-section-subtitle\"><img decoding=\"async\" src=\"http:\/\/hostellerielamontagne.fr\/wp-content\/themes\/la-montagne\/images\/vectors\/separator-content.png\" alt=\"\" \/><\/h2>\n<\/div>\n<\/div>\n<div class=\"page-section-text center-block\">\n<h2 class=\"page-section-subtitle menu-section-subtitle\">Menu du terroir 23.50\u20ac<\/h2>\n<p>&nbsp;<\/p>\n<\/div>\n<h2 class=\"page-section-subtitle menu-section-subtitle\"><img decoding=\"async\" src=\"http:\/\/hostellerielamontagne.com\/wp-content\/themes\/la-montagne\/images\/vectors\/separator-content.png\" alt=\"\" \/><\/h2>\n<h2 class=\"page-section-subtitle menu-section-subtitle\">Menu enfant:<\/h2>\n<p class=\"page-section-subtitle menu-section-subtitle\"><span style=\"font-size: 12pt;\"> 12.00\u20ac: Plat + Dessert<br \/>\n<\/span><span style=\"font-size: 12pt;\">15.00\u20ac: Entr\u00e9e + Plat + Dessert<\/span><\/p>\n<p>&nbsp;<\/p>\n<div class=\"page-section-text center-block\">\n<h2 class=\"page-section-subtitle menu-section-subtitle\"><img decoding=\"async\" src=\"http:\/\/hostellerielamontagne.com\/wp-content\/themes\/la-montagne\/images\/vectors\/separator-content.png\" alt=\"\" \/><\/h2>\n<p>&nbsp;<\/p>\n<\/div>\n<p class=\"center-block\" style=\"text-align: center;\">Le restaurant est ouvert de mars\u00a0\u00e0 d\u00e9cembre.<br \/>\nAu cours de l\u2019ann\u00e9e les menus sont susceptibles d\u2019\u00e9voluer<br \/>\nen fonction des produits de saison.<br \/>\nLes prix sont fix\u00e9s pour l\u2019ann\u00e9e 2019.<br \/>\nNous pouvons accueillir les groupes \u00e0 partir de 20 \u00e0 100 personnes,<br \/>\nle repas du chauffeur est offert.<br \/>\nTous nos menus peuvent \u00eatre modifi\u00e9s sur demande<br \/>\nen fonction de vos convenances et de votre budget.<br \/>\nN\u2019h\u00e9sitez pas \u00e0 nous contacter pour tout renseignement compl\u00e9mentaire.<\/p>\n<div class=\"separator-content center-block\"><img decoding=\"async\" src=\"http:\/\/hostellerielamontagne.com\/wp-content\/themes\/la-montagne\/images\/vectors\/separator-content.png\" alt=\"\" \/><\/div>\n<p>\/\/<\/p>","protected":false},"excerpt":{"rendered":"<p>&nbsp; &nbsp; R\u00e9servation au : 03.25.01.51.69 &nbsp; &nbsp; Les formules Entr\u00e9e + Plat : 20.00\u20ac Plat + Dessert : 20.00\u20ac Menu du terroir 23.50\u20ac &nbsp; Menu enfant: 12.00\u20ac: Plat + Dessert 15.00\u20ac: Entr\u00e9e + Plat + Dessert &nbsp; &nbsp; Le restaurant est ouvert de mars\u00a0\u00e0 d\u00e9cembre. Au cours de l\u2019ann\u00e9e les menus sont susceptibles d\u2019\u00e9voluer [&hellip;]<\/p>\n","protected":false},"author":9,"featured_media":0,"parent":0,"menu_order":0,"comment_status":"closed","ping_status":"closed","template":"","meta":{"footnotes":""},"class_list":["post-964","page","type-page","status-publish","hentry"],"_links":{"self":[{"href":"https:\/\/hostellerielamontagne.com\/en\/wp-json\/wp\/v2\/pages\/964","targetHints":{"allow":["GET"]}}],"collection":[{"href":"https:\/\/hostellerielamontagne.com\/en\/wp-json\/wp\/v2\/pages"}],"about":[{"href":"https:\/\/hostellerielamontagne.com\/en\/wp-json\/wp\/v2\/types\/page"}],"author":[{"embeddable":true,"href":"https:\/\/hostellerielamontagne.com\/en\/wp-json\/wp\/v2\/users\/9"}],"replies":[{"embeddable":true,"href":"https:\/\/hostellerielamontagne.com\/en\/wp-json\/wp\/v2\/comments?post=964"}],"version-history":[{"count":177,"href":"https:\/\/hostellerielamontagne.com\/en\/wp-json\/wp\/v2\/pages\/964\/revisions"}],"predecessor-version":[{"id":3298,"href":"https:\/\/hostellerielamontagne.com\/en\/wp-json\/wp\/v2\/pages\/964\/revisions\/3298"}],"wp:attachment":[{"href":"https:\/\/hostellerielamontagne.com\/en\/wp-json\/wp\/v2\/media?parent=964"}],"curies":[{"name":"wp","href":"https:\/\/api.w.org\/{rel}","templated":true}]}}