{"id":686,"date":"2015-10-06T04:02:14","date_gmt":"2015-10-06T04:02:14","guid":{"rendered":"http:\/\/www.hostellerielamontagne.com?page_id=686"},"modified":"2019-10-29T09:33:40","modified_gmt":"2019-10-29T09:33:40","slug":"legal-mentions","status":"publish","type":"page","link":"https:\/\/hostellerielamontagne.com\/en\/legal-mentions\/","title":{"rendered":"Legal Mentions"},"content":{"rendered":"<p><\/p>\n<div class=\"separator-content center-block\"><img decoding=\"async\" src=\"http:\/\/hostellerielamontagne.fr\/wp-content\/themes\/la-montagne\/images\/vectors\/separator-content.png\" alt=\"\" \/><\/div>\n<div class=\"page-section-text center-block\">\n<h2 class=\"page-section-subtitle legal-mentions-section-subtitle\">Editeur du site<\/h2>\n<div class=\"legal-mentions-section-text\">\nhttp:\/\/hostellerielamontagne.com<br \/>\nhttp:\/\/hostellerielamontagne.fr<\/p>\n<p>HOSTELLERIE LA MONTAGNE &#8211; RESTAURANT NATALI<br \/>\n10, rue Pisseloup<br \/>\n52330 COLOMBEY LES DEUX EGLISES <\/p>\n<p>T\u00e9l\u00e9phone: 03.25.01.51.69.<br \/>\nT\u00e9l. : + 33 (0)6 62 79 25 55<br \/>\nFax : + 33 (0)5 40 00 02 66<\/p>\n<p>Au capital de 15 000 \u20ac<br \/>\nImmatricul\u00e9 au registre du commerce et des soci\u00e9t\u00e9s de Chaumont<br \/>\nsous le num\u00e9ro B 314 547 290<br \/>\nSiret 314 547 290 00028 <\/p>\n<p>Conception et r\u00e9alisation : Mademoiselle L (http:\/\/www.mademoiselle.lu)<br \/>\nR\u00e9daction : Cap D\u00e9cision (http:\/\/www.cap-decision.fr)<br \/>\nCr\u00e9dits photos : Olivier Douard &#8211; Laurent Gunillon &#8211; Claude Poset<br \/>\nH\u00e9bergement : 1and1 (1and1.com)\n<\/p><\/div>\n<h2 class=\"page-section-subtitle legal-mentions-section-subtitle\">Conditions d\u2019utilisation<\/h2>\n<div class=\"legal-mentions-section-text\">\nLe site accessible par les url suivants : http:\/\/hostellerielamontagne.com et http:\/\/hostellerielamontagne.fr est exploit\u00e9 dans le respect de la l\u00e9gislation fran\u00e7aise.<br \/>\nL\u2019utilisation de ce site est r\u00e9gie par les pr\u00e9sentes conditions g\u00e9n\u00e9rales.<br \/>\nEn utilisant le site, vous reconnaissez avoir pris connaissance de ces conditions et les avoir accept\u00e9es.<br \/>\nCelles-ci pourront \u00eatres modifi\u00e9es \u00e0 tout moment et sans pr\u00e9avis par L\u2019Hostellerie La Montagne &#8211; Restaurant Natali.<br \/>\nL\u2019Hostellerie La Montagne &#8211; Restaurant Natali ne saurait \u00eatre tenu pour responsable en aucune mani\u00e8re d\u2019une mauvaise utilisation du service.\n<\/div>\n<h2 class=\"page-section-subtitle legal-mentions-section-subtitle\">Responsable \u00e9ditorial<\/h2>\n<div class=\"legal-mentions-section-text\">\nMonsieur Jean-Baptiste Natali<br \/>\nHOSTELLERIE LA MONTAGNE &#8211; RESTAURANT NATALI<br \/>\nRue Pisseloup<br \/>\n52330 COLOMBEY LES DEUX EGLISES <\/p>\n<p>http:\/\/hostellerielamontagne.com<br \/>\ncontact@hostellerielamontagne.com <\/p>\n<p>T\u00e9l\u00e9phone: 03.25.01.51.69.<br \/>\nT\u00e9l. : + 33 (0)6 62 79 25 55<br \/>\nFax : + 33 (0)5 40 00 02 66\n<\/p><\/div>\n<h2 class=\"page-section-subtitle legal-mentions-section-subtitle\">Limitation de responsabilit\u00e9<\/h2>\n<div class=\"legal-mentions-section-text\">\nLes informations contenues sur ce site sont aussi pr\u00e9cises que possibles et le site est p\u00e9riodiquement remis \u00e0 jour, mais peut toutefois contenir des inexactitudes, des omissions ou des lacunes.<br \/>\nSi vous constatez une lacune, erreur ou ce qui parait \u00eatre un dysfonctionnement, merci de bien vouloir le signaler par email \u00e0 contact@hostellerielamontagne.com en d\u00e9crivant le probl\u00e8me de la mani\u00e8re la plus pr\u00e9cise possible (page posant probl\u00e8me, action d\u00e9clenchante, type d\u2019ordinateur et de navigateur utilis\u00e9, \u2026).<br \/>\nTout contenu t\u00e9l\u00e9charg\u00e9 se fait aux risques et p\u00e9rils de l\u2019utilisateur et sous sa seule responsabilit\u00e9.<br \/>\nEn cons\u00e9quence, ne saurait \u00eatre tenu responsable d\u2019un quelconque dommage subi par l\u2019ordinateur de l\u2019utilisateur ou d\u2019une quelconque perte de donn\u00e9es cons\u00e9cutives au t\u00e9l\u00e9chargement.<br \/>\nLes photos sont non contractuelles.<br \/>\nLes liens hypertextes mis en place dans le cadre du pr\u00e9sent site internet en direction d\u2019autres ressources pr\u00e9sentes sur le r\u00e9seau Internet ne sauraient engager la responsabilit\u00e9 de L\u2019Hostellerie La Montagne &#8211; Restaurant Natali.\n<\/div>\n<h2 class=\"page-section-subtitle legal-mentions-section-subtitle\">Litiges<\/h2>\n<div class=\"legal-mentions-section-text\">\nLes pr\u00e9sentes conditions sont r\u00e9gies par les lois fran\u00e7aises et toute contestation ou litiges qui pourraient na\u00eetre de l\u2019interpr\u00e9tation ou de l\u2019ex\u00e9cution de celles-ci seront de la comp\u00e9tence exclusive des tribunaux dont d\u00e9pend le si\u00e8ge social de la soci\u00e9t\u00e9 .<br \/>\nLa langue de r\u00e9f\u00e9rence, pour le r\u00e8glement de contentieux \u00e9ventuels, est le fran\u00e7ais.\n<\/div>\n<h2 class=\"page-section-subtitle legal-mentions-section-subtitle\">D\u00e9claration \u00e0 la CNIL<\/h2>\n<div class=\"legal-mentions-section-text\">\nConform\u00e9ment \u00e0 la loi 78-17 du 6 janvier 1978 (modifi\u00e9e par la loi 2004-801 du 6 ao\u00fbt 2004 relative \u00e0 la protection des personnes physiques \u00e0 l\u2019\u00e9gard des traitements de donn\u00e9es \u00e0 caract\u00e8re personnel) relative \u00e0 l\u2019informatique, aux fichiers et aux libert\u00e9s, le site a fait l\u2019objet d\u2019une d\u00e9claration aupr\u00e8s de la Commission nationale de l\u2019informatique et des libert\u00e9s (www.cnil.fr).\n<\/div>\n<h2 class=\"page-section-subtitle legal-mentions-section-subtitle\">Droit d\u2019acc\u00e8s<\/h2>\n<div class=\"legal-mentions-section-text\">\nEn application de cette loi, les internautes disposent d\u2019un droit d\u2019acc\u00e8s, de rectification, de modification et de suppression concernant les donn\u00e9es qui les concernent personnellement. Ce droit peut \u00eatre exerc\u00e9 par voie postale aupr\u00e8s de Hostellerie La Montagne Restaurant Natali &#8211; rue Pisseloup 52330 COLOMBEY LES DEUX EGLISES ou par voie \u00e9lectronique \u00e0 l\u2019adresse email suivante : contact@hostellerielamontagne.com.<br \/>\nLes informations personnelles collect\u00e9es ne sont en aucun cas confi\u00e9es \u00e0 des tiers hormis pour l\u2019\u00e9ventuelle bonne ex\u00e9cution de la prestation command\u00e9e par l\u2019internaute.\n<\/div>\n<h2 class=\"page-section-subtitle legal-mentions-section-subtitle\">Confidentialit\u00e9<\/h2>\n<div class=\"legal-mentions-section-text\">Vos donn\u00e9es personnelles sont confidentielles et ne seront en aucun cas communiqu\u00e9es \u00e0 des tiers hormis pour la bonne ex\u00e9cution de la prestation.<\/div>\n<h2 class=\"page-section-subtitle legal-mentions-section-subtitle\">Propri\u00e9t\u00e9 intellectuelle<\/h2>\n<div class=\"legal-mentions-section-text\">\nTout le contenu du pr\u00e9sent site, incluant, de fa\u00e7on non limitative, les graphismes, images, textes, vid\u00e9os, animations, sons, logos, gifs et ic\u00f4nes ainsi que leur mise en forme sont la propri\u00e9t\u00e9 exclusive de la soci\u00e9t\u00e9 \u00e0 l\u2019exception des marques, logos ou contenus appartenant \u00e0 d\u2019autres soci\u00e9t\u00e9s partenaires ou auteurs.<br \/>\nToute reproduction, distribution, modification, adaptation, retransmission ou publication, m\u00eame partielle, de ces diff\u00e9rents \u00e9l\u00e9ments est strictement interdite sans l\u2019accord expr\u00e8s par \u00e9crit de l\u2019Hostellerie La Montagne &#8211; Restaurant Natali &#8211; Rue Pisseloup 52330 COLOMBEY LES DEUX EGLISES.<br \/>\nCette repr\u00e9sentation ou reproduction, par quelque proc\u00e9d\u00e9 que ce soit, constitue une contrefa\u00e7on sanctionn\u00e9e par les articles L.3335-2 et suivants du Code de la propri\u00e9t\u00e9 intellectuelle.<br \/>\nLe non-respect de cette interdiction constitue une contrefa\u00e7on pouvant engager la responsabilit\u00e9 civile et p\u00e9nale du contrefacteur.<br \/>\nEn outre, les propri\u00e9taires des contenus copi\u00e9s pourraient intenter une action en justice \u00e0 votre encontre.<br \/>\nL\u2019Hostellerie La Montagne &#8211; Restaurant Natali est identiquement propri\u00e9taire des \u201cdroits des producteurs de bases de donn\u00e9es\u201d vis\u00e9s au Livre III, Titre IV, du Code de la Propri\u00e9t\u00e9 Intellectuelle (loi n\u00b0 98-536 du 1er juillet 1998) relative aux droits d\u2019auteur et aux bases de donn\u00e9es.<\/p>\n<p>Les utilisateurs et visiteurs du site internet peuvent mettre en place un hyperlien en direction de ce site, mais uniquement en direction de la page d\u2019accueil, accessible \u00e0 l\u2019URL suivante : www.hostellerielamontagne.com, \u00e0 condition que ce lien s\u2019ouvre dans une nouvelle fen\u00eatre.<br \/>\nEn particulier un lien vers une sous page (exemple : hostellerielamontagne.com\/nos-chambres\/) est interdit, ainsi que l\u2019ouverture du pr\u00e9sent site au sein d\u2019un cadre (\u00ab framing \u00bb), sauf l\u2019autorisation expresse et pr\u00e9alable de Hostellerie La Montagne &#8211; Restaurant Natali.<\/p>\n<p>Pour toute demande d\u2019autorisation ou d\u2019information, veuillez nous contacter par email : contact@hostellerielamontagne.com.<br \/>\nDes conditions sp\u00e9cifiques sont pr\u00e9vues pour la presse.\n<\/p><\/div>\n<div class=\"separator-content center-block\"><img decoding=\"async\" src=\"http:\/\/hostellerielamontagne.fr\/wp-content\/themes\/la-montagne\/images\/vectors\/separator-content.png\" alt=\"\" \/><\/div>\n<p><\/p>","protected":false},"excerpt":{"rendered":"<p>Editeur du site http:\/\/hostellerielamontagne.com http:\/\/hostellerielamontagne.fr HOSTELLERIE LA MONTAGNE &#8211; RESTAURANT NATALI 10, rue Pisseloup 52330 COLOMBEY LES DEUX EGLISES T\u00e9l\u00e9phone: 03.25.01.51.69. T\u00e9l. : + 33 (0)6 62 79 25 55 Fax : + 33 (0)5 40 00 02 66 Au capital de 15 000 \u20ac Immatricul\u00e9 au registre du commerce et des soci\u00e9t\u00e9s de Chaumont [&hellip;]<\/p>\n","protected":false},"author":9,"featured_media":648,"parent":0,"menu_order":0,"comment_status":"closed","ping_status":"closed","template":"","meta":{"footnotes":""},"class_list":["post-686","page","type-page","status-publish","has-post-thumbnail","hentry"],"_links":{"self":[{"href":"https:\/\/hostellerielamontagne.com\/en\/wp-json\/wp\/v2\/pages\/686","targetHints":{"allow":["GET"]}}],"collection":[{"href":"https:\/\/hostellerielamontagne.com\/en\/wp-json\/wp\/v2\/pages"}],"about":[{"href":"https:\/\/hostellerielamontagne.com\/en\/wp-json\/wp\/v2\/types\/page"}],"author":[{"embeddable":true,"href":"https:\/\/hostellerielamontagne.com\/en\/wp-json\/wp\/v2\/users\/9"}],"replies":[{"embeddable":true,"href":"https:\/\/hostellerielamontagne.com\/en\/wp-json\/wp\/v2\/comments?post=686"}],"version-history":[{"count":8,"href":"https:\/\/hostellerielamontagne.com\/en\/wp-json\/wp\/v2\/pages\/686\/revisions"}],"predecessor-version":[{"id":1848,"href":"https:\/\/hostellerielamontagne.com\/en\/wp-json\/wp\/v2\/pages\/686\/revisions\/1848"}],"wp:featuredmedia":[{"embeddable":true,"href":"https:\/\/hostellerielamontagne.com\/en\/wp-json\/wp\/v2\/media\/648"}],"wp:attachment":[{"href":"https:\/\/hostellerielamontagne.com\/en\/wp-json\/wp\/v2\/media?parent=686"}],"curies":[{"name":"wp","href":"https:\/\/api.w.org\/{rel}","templated":true}]}}