{"id":607,"date":"2015-09-27T21:46:04","date_gmt":"2015-09-27T21:46:04","guid":{"rendered":"http:\/\/www.hostellerielamontagne.com?page_id=607"},"modified":"2021-06-04T13:34:52","modified_gmt":"2021-06-04T13:34:52","slug":"reservation-restaurant","status":"publish","type":"page","link":"https:\/\/hostellerielamontagne.com\/en\/reservation-restaurant\/","title":{"rendered":"Reservation &#8211; Restaurant"},"content":{"rendered":"<p><p><\/p>\n<div class=\"left contact-information\">\n<h2 class=\"contact-form-subtitle page-section-subtitle\" style=\"text-align: center;\">Learn more about us &#8230;<\/h2>\n<div class=\"contact-information-text-content left\">\n<p class=\"contact-information-text-content-subtitle Novecentosanswide-Medium\">Hostellerie La Montagne<\/p>\n<div class=\"page-section-text\">\n<div class=\"contact-information-text-content-comunication\">\n<p>R\u00e9servez votre table \u00e9toil\u00e9e pour d\u00e9jeuner ou d\u00eener :<\/p>\n<p>03 25 01 51 69<\/p>\n<p>contact@hostellerielamontagne.com<\/p>\n<\/div>\n<div class=\"contact-information-text-content-address\">\n<p>10, rue de Pisseloup<\/p>\n<p>52330 Colombey-les-Deux-\u00c9glises<\/p>\n<p>France<\/p>\n<\/div>\n<p><small class=\"left contact-information-text-content-observation\">L\u2019Hostellerie est ferm\u00e9e tous les lundis et mardis.<\/small><br \/>\n<a href=\"#\" class=\"button button-small\">Ouvrir le plan <img decoding=\"async\" src=\"http:\/\/www.hostellerielamontagne.com\/wp-content\/themes\/la-montagne\/images\/vectors\/map-marker.png\"><\/a>\n<\/div>\n<\/div>\n<\/div>\n<p><\/p><br \/>\n<p><\/p>\n<div class=\"right contact-form\">\n<img loading=\"lazy\" decoding=\"async\" class=\"left alignnone size-full wp-image-405\" src=\"http:\/\/www.hostellerielamontagne.com\/wp-content\/uploads\/2015\/09\/contact-la-montagne-hostellerie-restaurant.png\" alt=\"\" width=\"499\" height=\"292\" \/><\/p>\n<div class=\"form-light\">[CRF_Form id=&#8217;1&#8242;]<\/div>\n<\/div>\n<div class=\"page-section-text\">\n<small class=\"contact-form-observation left width-full\"><br \/>\n*Champs obligatoires.<br \/>\nConform\u00e9ment \u00e0 la loi \u00ab informatique et libert\u00e9s \u00bb du 6 janvier 1978 modifi\u00e9e en 2004, vous b\u00e9n\u00e9ficiez d\u2019un droit d\u2019acc\u00e8s et de rectification aux informations qui vous<br \/>\nconcernent, que vous pouvez exercer en vous adressant \u00e0 Hostellerie de la Montagne \u2013 Rue Pisseloup \u2013 Colombey les deux Eglises.<\/small><\/div>\n<p><\/p><\/p>\n","protected":false},"excerpt":{"rendered":"","protected":false},"author":9,"featured_media":0,"parent":0,"menu_order":0,"comment_status":"closed","ping_status":"closed","template":"","meta":{"footnotes":""},"class_list":["post-607","page","type-page","status-publish","hentry"],"_links":{"self":[{"href":"https:\/\/hostellerielamontagne.com\/en\/wp-json\/wp\/v2\/pages\/607","targetHints":{"allow":["GET"]}}],"collection":[{"href":"https:\/\/hostellerielamontagne.com\/en\/wp-json\/wp\/v2\/pages"}],"about":[{"href":"https:\/\/hostellerielamontagne.com\/en\/wp-json\/wp\/v2\/types\/page"}],"author":[{"embeddable":true,"href":"https:\/\/hostellerielamontagne.com\/en\/wp-json\/wp\/v2\/users\/9"}],"replies":[{"embeddable":true,"href":"https:\/\/hostellerielamontagne.com\/en\/wp-json\/wp\/v2\/comments?post=607"}],"version-history":[{"count":6,"href":"https:\/\/hostellerielamontagne.com\/en\/wp-json\/wp\/v2\/pages\/607\/revisions"}],"predecessor-version":[{"id":2125,"href":"https:\/\/hostellerielamontagne.com\/en\/wp-json\/wp\/v2\/pages\/607\/revisions\/2125"}],"wp:attachment":[{"href":"https:\/\/hostellerielamontagne.com\/en\/wp-json\/wp\/v2\/media?parent=607"}],"curies":[{"name":"wp","href":"https:\/\/api.w.org\/{rel}","templated":true}]}}