{"id":435,"date":"2023-04-21T17:50:16","date_gmt":"2023-04-21T17:50:16","guid":{"rendered":"http:\/\/www.hostellerielamontagne.com?page_id=435"},"modified":"2026-04-08T08:51:47","modified_gmt":"2026-04-08T08:51:47","slug":"menu-lamontagne","status":"publish","type":"page","link":"https:\/\/hostellerielamontagne.com\/en\/menu-lamontagne\/","title":{"rendered":"Carte Du Mois"},"content":{"rendered":"<p><\/p>\n<div class=\"site-area-content-menu-main-content\">\n<div class=\"separator-content center-block\">\n<p style=\"text-align: center;\"><strong>RESTAURANT NATALI<\/strong><\/p>\n<p style=\"text-align: center;\"><strong>\u00a0<\/strong><\/p>\n<p style=\"text-align: center;\"><strong>OPEN WEDNESDAY TO SUNDAY MIDDAY AND DINNER<\/strong><\/p>\n<\/div>\n<div class=\"separator-content center-block\" style=\"text-align: center;\">\n<h2><\/h2>\n<h2 class=\"page-section-subtitle menu-section-subtitle\"><img decoding=\"async\" class=\"aligncenter\" src=\"http:\/\/hostellerielamontagne.com\/wp-content\/themes\/la-montagne\/images\/vectors\/separator-content.png\" alt=\"\" \/><\/h2>\n<\/div>\n<\/div>\n<div class=\"page-section-text center-block\" style=\"text-align: center;\">\n<div class=\"page-section-text center-block\">\n<p>&nbsp;<\/p>\n<p><b>R\u00e9servation au : 03.25.01.51.69<\/b><\/p>\n<p>Weekly closing Monday and Tuesday<button class=\"lmt__translations_as_text__text_btn\" lang=\"en-US\" aria-description=\"Cliquez pour utiliser cette solution\"><\/button><\/p>\n<\/div>\n<\/div>\n<p style=\"text-align: center;\"><strong>\u00a0 \u00a0 \u00a0 \u00a0 \u00a0 \u00a0 \u00a0 \u00a0 \u00a0 \u00a0 \u00a0 \u00a0 \u00a0<\/strong><\/p>\n<div>\n<div style=\"text-align: center;\"><\/div>\n<div style=\"text-align: center;\"><span style=\"font-family: 'book antiqua', palatino, serif;\"><img decoding=\"async\" class=\"aligncenter\" src=\"http:\/\/hostellerielamontagne.com\/wp-content\/themes\/la-montagne\/images\/vectors\/separator-content.png\" alt=\"\" \/><\/span><\/div>\n<div style=\"text-align: center;\"><\/div>\n<div style=\"text-align: center;\"><\/div>\n<div style=\"text-align: center;\"><span style=\"font-family: 'book antiqua', palatino, serif;\"><em><strong>Forfait boisson \u00e0 64\u20ac<\/strong><\/em><\/span><\/div>\n<div style=\"text-align: center;\"><span style=\"font-family: 'book antiqua', palatino, serif;\">1 Cup of Champagne<\/span><\/div>\n<div style=\"text-align: center;\"><span style=\"font-family: 'book antiqua', palatino, serif;\">1 Glass of White Wine<\/span><\/div>\n<div style=\"text-align: center;\"><span style=\"font-family: 'book antiqua', palatino, serif;\">1 Glass of Red Wine<\/span><\/div>\n<div style=\"text-align: center;\"><span style=\"font-family: 'book antiqua', palatino, serif;\">1\/2 Bootle of mineral or sparkling water<\/span><\/div>\n<div style=\"text-align: center;\"><span style=\"font-family: 'book antiqua', palatino, serif;\">1 Coffee -Tea or Infusion<\/span><\/div>\n<div style=\"text-align: center;\"><\/div>\n<div style=\"text-align: center;\"><span style=\"font-family: 'book antiqua', palatino, serif;\"><img decoding=\"async\" class=\"aligncenter\" src=\"http:\/\/hostellerielamontagne.com\/wp-content\/themes\/la-montagne\/images\/vectors\/separator-content.png\" alt=\"\" \/><\/span><\/div>\n<div style=\"text-align: center;\"><\/div>\n<div style=\"text-align: center;\"><\/div>\n<div style=\"text-align: center;\"><span style=\"font-family: 'book antiqua', palatino, serif;\"><em><strong>Les Forfaits vin:<\/strong><\/em><\/span><\/div>\n<div style=\"text-align: center;\"><\/div>\n<div style=\"text-align: center;\"><span style=\"font-family: 'book antiqua', palatino, serif;\"><em><strong>2 Glasses of Wine 36\u20ac<\/strong><\/em><\/span><\/div>\n<div style=\"text-align: center;\"><span style=\"font-family: 'book antiqua', palatino, serif;\"><em><strong>3 Glasses of Wine 54\u20ac <\/strong><\/em><\/span><\/div>\n<div style=\"text-align: center;\"><span style=\"font-family: 'book antiqua', palatino, serif;\"><em><strong>4 Glasses of Wine 72\u20ac <\/strong><\/em><\/span><\/div>\n<div style=\"text-align: center;\"><span style=\"font-family: 'book antiqua', palatino, serif;\"><em><strong>5 Glasses of Wine 90\u20ac <\/strong><\/em><\/span><\/div>\n<div style=\"text-align: center;\"><span style=\"font-family: 'book antiqua', palatino, serif;\"><em><strong>6\u00a0 Glasses of Wine 108\u20ac <\/strong><\/em><\/span><\/div>\n<div style=\"text-align: center;\"><\/div>\n<div style=\"text-align: center;\"><\/div>\n<div style=\"text-align: center;\"><\/div>\n<div style=\"text-align: center;\"><span style=\"font-family: 'book antiqua', palatino, serif;\"><img decoding=\"async\" src=\"http:\/\/hostellerielamontagne.com\/wp-content\/themes\/la-montagne\/images\/vectors\/separator-content.png\" alt=\"\" \/><\/span><\/div>\n<div style=\"text-align: center;\"><\/div>\n<div class=\"separator-content center-block\">\n<div class=\"separator-content center-block\" style=\"text-align: center;\"><span style=\"font-family: 'book antiqua', palatino, serif;\">Les prix sont fix\u00e9s pour l\u2019ann\u00e9e 2023.<\/span><br \/>\n<span style=\"font-family: 'book antiqua', palatino, serif;\">Nous pouvons accueillir les groupes et des \u00e9v\u00e9nements (bapt\u00eame, mariage, communion, anniversaire).<\/span><br \/>\n<span style=\"font-family: 'book antiqua', palatino, serif;\">Au cours de l\u2019ann\u00e9e les menus sont susceptibles d\u2019\u00e9voluer en fonction des produits de saison et des produits d&#8217;arrivage du march\u00e9.<\/span><\/div>\n<\/div>\n<\/div>\n<p><\/p>","protected":false},"excerpt":{"rendered":"<p>RESTAURANT NATALI \u00a0 OPEN WEDNESDAY TO SUNDAY MIDDAY AND DINNER &nbsp; R\u00e9servation au : 03.25.01.51.69 Weekly closing Monday and Tuesday \u00a0 \u00a0 \u00a0 \u00a0 \u00a0 \u00a0 \u00a0 \u00a0 \u00a0 \u00a0 \u00a0 \u00a0 \u00a0 Forfait boisson \u00e0 64\u20ac 1 Cup of Champagne 1 Glass of White Wine 1 Glass of Red Wine 1\/2 Bootle of mineral [&hellip;]<\/p>\n","protected":false},"author":9,"featured_media":0,"parent":0,"menu_order":0,"comment_status":"closed","ping_status":"closed","template":"","meta":{"footnotes":""},"class_list":["post-435","page","type-page","status-publish","hentry"],"_links":{"self":[{"href":"https:\/\/hostellerielamontagne.com\/en\/wp-json\/wp\/v2\/pages\/435","targetHints":{"allow":["GET"]}}],"collection":[{"href":"https:\/\/hostellerielamontagne.com\/en\/wp-json\/wp\/v2\/pages"}],"about":[{"href":"https:\/\/hostellerielamontagne.com\/en\/wp-json\/wp\/v2\/types\/page"}],"author":[{"embeddable":true,"href":"https:\/\/hostellerielamontagne.com\/en\/wp-json\/wp\/v2\/users\/9"}],"replies":[{"embeddable":true,"href":"https:\/\/hostellerielamontagne.com\/en\/wp-json\/wp\/v2\/comments?post=435"}],"version-history":[{"count":694,"href":"https:\/\/hostellerielamontagne.com\/en\/wp-json\/wp\/v2\/pages\/435\/revisions"}],"predecessor-version":[{"id":3292,"href":"https:\/\/hostellerielamontagne.com\/en\/wp-json\/wp\/v2\/pages\/435\/revisions\/3292"}],"wp:attachment":[{"href":"https:\/\/hostellerielamontagne.com\/en\/wp-json\/wp\/v2\/media?parent=435"}],"curies":[{"name":"wp","href":"https:\/\/api.w.org\/{rel}","templated":true}]}}