{"id":1478,"date":"2017-10-09T08:31:37","date_gmt":"2017-10-09T08:31:37","guid":{"rendered":"http:\/\/www.hostellerielamontagne.com\/?page_id=1478"},"modified":"2024-03-22T15:13:21","modified_gmt":"2024-03-22T15:13:21","slug":"agenda","status":"publish","type":"page","link":"https:\/\/hostellerielamontagne.com\/en\/agenda\/","title":{"rendered":"(French) Agenda"},"content":{"rendered":"<p><a href=\"https:\/\/culturezvous.com\/que-faire-colombey-les-deux-eglises\/\"><span style=\"font-family: 'times new roman', times, serif; font-size: 14pt;\">Que faire \u00e0 Colombey-Les-Deux-Eglises ?<\/span><\/a><\/p>\n<p><a href=\"https:\/\/culturezvous.com\/que-faire-colombey-les-deux-eglises\/\"><span style=\"font-family: 'times new roman', times, serif; font-size: 14pt;\">Escapades sur les traces du G\u00e9n\u00e9ral De gaulle<\/span><\/a><\/p>\n<p>&nbsp;<\/p>\n<p><span style=\"font-size: 14pt;\"><a href=\"https:\/\/culturezvous.com\/que-faire-colombey-les-deux-eglises\/\">https:\/\/culturezvous.com\/que-faire-colombey-les-deux-eglises\/<\/a><\/span><\/p>","protected":false},"excerpt":{"rendered":"<p>Que faire \u00e0 Colombey-Les-Deux-Eglises ? Escapades sur les traces du G\u00e9n\u00e9ral De gaulle &nbsp; https:\/\/culturezvous.com\/que-faire-colombey-les-deux-eglises\/<\/p>\n","protected":false},"author":10,"featured_media":0,"parent":0,"menu_order":0,"comment_status":"closed","ping_status":"closed","template":"","meta":{"footnotes":""},"class_list":["post-1478","page","type-page","status-publish","hentry"],"_links":{"self":[{"href":"https:\/\/hostellerielamontagne.com\/en\/wp-json\/wp\/v2\/pages\/1478","targetHints":{"allow":["GET"]}}],"collection":[{"href":"https:\/\/hostellerielamontagne.com\/en\/wp-json\/wp\/v2\/pages"}],"about":[{"href":"https:\/\/hostellerielamontagne.com\/en\/wp-json\/wp\/v2\/types\/page"}],"author":[{"embeddable":true,"href":"https:\/\/hostellerielamontagne.com\/en\/wp-json\/wp\/v2\/users\/10"}],"replies":[{"embeddable":true,"href":"https:\/\/hostellerielamontagne.com\/en\/wp-json\/wp\/v2\/comments?post=1478"}],"version-history":[{"count":196,"href":"https:\/\/hostellerielamontagne.com\/en\/wp-json\/wp\/v2\/pages\/1478\/revisions"}],"predecessor-version":[{"id":2635,"href":"https:\/\/hostellerielamontagne.com\/en\/wp-json\/wp\/v2\/pages\/1478\/revisions\/2635"}],"wp:attachment":[{"href":"https:\/\/hostellerielamontagne.com\/en\/wp-json\/wp\/v2\/media?parent=1478"}],"curies":[{"name":"wp","href":"https:\/\/api.w.org\/{rel}","templated":true}]}}